{"id":2864,"date":"2025-08-05T12:09:59","date_gmt":"2025-08-05T12:09:59","guid":{"rendered":"https:\/\/keos-bs.fr\/legal-notice\/"},"modified":"2025-09-11T16:22:58","modified_gmt":"2025-09-11T16:22:58","slug":"legal-notice","status":"publish","type":"page","link":"https:\/\/keos-bs.fr\/en\/legal-notice\/","title":{"rendered":"Legal Notice"},"content":{"rendered":"\t\t<div data-elementor-type=\"wp-page\" data-elementor-id=\"2864\" class=\"elementor elementor-2864 elementor-2555\" data-elementor-settings=\"{&quot;element_pack_global_tooltip_width&quot;:{&quot;unit&quot;:&quot;px&quot;,&quot;size&quot;:&quot;&quot;,&quot;sizes&quot;:[]},&quot;element_pack_global_tooltip_width_tablet&quot;:{&quot;unit&quot;:&quot;px&quot;,&quot;size&quot;:&quot;&quot;,&quot;sizes&quot;:[]},&quot;element_pack_global_tooltip_width_mobile&quot;:{&quot;unit&quot;:&quot;px&quot;,&quot;size&quot;:&quot;&quot;,&quot;sizes&quot;:[]},&quot;element_pack_global_tooltip_padding&quot;:{&quot;unit&quot;:&quot;px&quot;,&quot;top&quot;:&quot;&quot;,&quot;right&quot;:&quot;&quot;,&quot;bottom&quot;:&quot;&quot;,&quot;left&quot;:&quot;&quot;,&quot;isLinked&quot;:true},&quot;element_pack_global_tooltip_padding_tablet&quot;:{&quot;unit&quot;:&quot;px&quot;,&quot;top&quot;:&quot;&quot;,&quot;right&quot;:&quot;&quot;,&quot;bottom&quot;:&quot;&quot;,&quot;left&quot;:&quot;&quot;,&quot;isLinked&quot;:true},&quot;element_pack_global_tooltip_padding_mobile&quot;:{&quot;unit&quot;:&quot;px&quot;,&quot;top&quot;:&quot;&quot;,&quot;right&quot;:&quot;&quot;,&quot;bottom&quot;:&quot;&quot;,&quot;left&quot;:&quot;&quot;,&quot;isLinked&quot;:true},&quot;element_pack_global_tooltip_border_radius&quot;:{&quot;unit&quot;:&quot;px&quot;,&quot;top&quot;:&quot;&quot;,&quot;right&quot;:&quot;&quot;,&quot;bottom&quot;:&quot;&quot;,&quot;left&quot;:&quot;&quot;,&quot;isLinked&quot;:true},&quot;element_pack_global_tooltip_border_radius_tablet&quot;:{&quot;unit&quot;:&quot;px&quot;,&quot;top&quot;:&quot;&quot;,&quot;right&quot;:&quot;&quot;,&quot;bottom&quot;:&quot;&quot;,&quot;left&quot;:&quot;&quot;,&quot;isLinked&quot;:true},&quot;element_pack_global_tooltip_border_radius_mobile&quot;:{&quot;unit&quot;:&quot;px&quot;,&quot;top&quot;:&quot;&quot;,&quot;right&quot;:&quot;&quot;,&quot;bottom&quot;:&quot;&quot;,&quot;left&quot;:&quot;&quot;,&quot;isLinked&quot;:true}}\" data-elementor-post-type=\"page\">\n\t\t\t\t<div class=\"elementor-element elementor-element-9224c16 e-flex e-con-boxed e-con e-parent\" data-id=\"9224c16\" data-element_type=\"container\" data-e-type=\"container\" data-settings=\"{&quot;background_background&quot;:&quot;classic&quot;}\">\n\t\t\t\t\t<div class=\"e-con-inner\">\n\t\t\t\t<div class=\"elementor-element elementor-element-84e5b36 elementor-widget__width-inherit  ui-split-animate ui-splitby-words elementor-widget elementor-widget-heading\" data-id=\"84e5b36\" data-element_type=\"widget\" data-e-type=\"widget\" data-settings=\"{&quot;ui_animate_split&quot;:&quot;ui-split-animate&quot;,&quot;ui_animate_split_by&quot;:&quot;words&quot;,&quot;ui_animate_split_style&quot;:&quot;fadeInUp&quot;}\" data-widget_type=\"heading.default\">\n\t\t\t\t\t<h1 class=\"elementor-heading-title elementor-size-default\">Legal Notice<\/h1>\t\t\t\t<\/div>\n\t\t\t\t\t<\/div>\n\t\t\t\t<\/div>\n\t\t<div class=\"elementor-element elementor-element-0e87eca e-flex e-con-boxed e-con e-parent\" data-id=\"0e87eca\" data-element_type=\"container\" data-e-type=\"container\">\n\t\t\t\t\t<div class=\"e-con-inner\">\n\t\t<div class=\"elementor-element elementor-element-2bd6a88 e-con-full e-flex e-con e-child\" data-id=\"2bd6a88\" data-element_type=\"container\" data-e-type=\"container\">\n\t\t\t\t<div class=\"elementor-element elementor-element-14f85eb elementor-widget elementor-widget-image\" data-id=\"14f85eb\" data-element_type=\"widget\" data-e-type=\"widget\" data-widget_type=\"image.default\">\n\t\t\t\t\t\t\t\t\t\t\t\t\t\t\t<img fetchpriority=\"high\" decoding=\"async\" width=\"1000\" height=\"1005\" src=\"https:\/\/keos-bs.fr\/wp-content\/uploads\/2025\/07\/3d39fdb763047c9c471ed3f7eb5777cb3d7b057c-1019x1024.png\" class=\"attachment-large size-large wp-image-2861\" alt=\"\" srcset=\"https:\/\/keos-bs.fr\/wp-content\/uploads\/2025\/07\/3d39fdb763047c9c471ed3f7eb5777cb3d7b057c-1019x1024.png 1019w, https:\/\/keos-bs.fr\/wp-content\/uploads\/2025\/07\/3d39fdb763047c9c471ed3f7eb5777cb3d7b057c-150x150.png 150w, https:\/\/keos-bs.fr\/wp-content\/uploads\/2025\/07\/3d39fdb763047c9c471ed3f7eb5777cb3d7b057c-768x772.png 768w, https:\/\/keos-bs.fr\/wp-content\/uploads\/2025\/07\/3d39fdb763047c9c471ed3f7eb5777cb3d7b057c-1529x1536.png 1529w, https:\/\/keos-bs.fr\/wp-content\/uploads\/2025\/07\/3d39fdb763047c9c471ed3f7eb5777cb3d7b057c-647x650.png 647w, https:\/\/keos-bs.fr\/wp-content\/uploads\/2025\/07\/3d39fdb763047c9c471ed3f7eb5777cb3d7b057c.png 1666w\" sizes=\"(max-width: 1000px) 100vw, 1000px\" \/>\t\t\t\t\t\t\t\t\t\t\t\t\t\t\t<\/div>\n\t\t\t\t<\/div>\n\t\t<div class=\"elementor-element elementor-element-dc223ad e-con-full e-flex e-con e-child\" data-id=\"dc223ad\" data-element_type=\"container\" data-e-type=\"container\">\n\t\t\t\t<div class=\"elementor-element elementor-element-53cd073 elementor-widget elementor-widget-text-editor\" data-id=\"53cd073\" data-element_type=\"widget\" data-e-type=\"widget\" data-widget_type=\"text-editor.default\">\n\t\t\t\t\t\t\t\t\t<p><strong>KEOS Business School<\/strong> is a simplified joint-stock company (Soci\u00e9t\u00e9 par Actions Simplifi\u00e9e \u2013 SAS), with a share capital of \u20ac1,263.50, registered with the Versailles Trade and Companies Register under number 893 234 294 00013, with its registered office at 14 rue de Mantes, 92700 Colombes, France, represented by<strong> its President, Mr. Youssef KOUTARI.<\/strong><\/p><p>KEOS Business School provides adult continuing education, work-study training, as well as initial training delivered both in person and remotely.<br><strong>Email: contact@keos-bs.fr<\/strong><\/p><ul><li>The website is owned and published by KEOS Business School.<\/li><li>The publication director is Mr. Youssef KOUTARI.<\/li><li>The website is hosted by Webflow, whose registered office is located at 2 rue Kellermann, 59100 Roubaix, France, and whose contact number is +33 (0)9 54 43 67 20.<\/li><\/ul><p><em>KEOS Business School 2025. All rights reserved. <\/em><\/p>\t\t\t\t\t\t\t\t<\/div>\n\t\t\t\t<\/div>\n\t\t\t\t\t<\/div>\n\t\t\t\t<\/div>\n\t\t\t\t<\/div>\n\t\t","protected":false},"excerpt":{"rendered":"<p>Legal Notice KEOS Business School is a simplified joint-stock company (Soci\u00e9t\u00e9 par Actions Simplifi\u00e9e \u2013 SAS), with a share capital of \u20ac1,263.50, registered with the Versailles Trade and Companies Register under number 893 234 294 00013, with its registered office at 14 rue de Mantes, 92700 Colombes, France, represented by its President, Mr. Youssef KOUTARI. [&hellip;]<\/p>\n","protected":false},"author":2,"featured_media":0,"parent":0,"menu_order":0,"comment_status":"closed","ping_status":"closed","template":"","meta":{"content-type":"","footnotes":""},"class_list":["post-2864","page","type-page","status-publish","hentry"],"_links":{"self":[{"href":"https:\/\/keos-bs.fr\/en\/wp-json\/wp\/v2\/pages\/2864","targetHints":{"allow":["GET"]}}],"collection":[{"href":"https:\/\/keos-bs.fr\/en\/wp-json\/wp\/v2\/pages"}],"about":[{"href":"https:\/\/keos-bs.fr\/en\/wp-json\/wp\/v2\/types\/page"}],"author":[{"embeddable":true,"href":"https:\/\/keos-bs.fr\/en\/wp-json\/wp\/v2\/users\/2"}],"replies":[{"embeddable":true,"href":"https:\/\/keos-bs.fr\/en\/wp-json\/wp\/v2\/comments?post=2864"}],"version-history":[{"count":1,"href":"https:\/\/keos-bs.fr\/en\/wp-json\/wp\/v2\/pages\/2864\/revisions"}],"predecessor-version":[{"id":2865,"href":"https:\/\/keos-bs.fr\/en\/wp-json\/wp\/v2\/pages\/2864\/revisions\/2865"}],"wp:attachment":[{"href":"https:\/\/keos-bs.fr\/en\/wp-json\/wp\/v2\/media?parent=2864"}],"curies":[{"name":"wp","href":"https:\/\/api.w.org\/{rel}","templated":true}]}}